{"id":76,"date":"2017-09-14T11:12:30","date_gmt":"2017-09-14T11:12:30","guid":{"rendered":"http:\/\/sonsofabit.com\/islabomba\/?page_id=76"},"modified":"2019-12-04T08:46:23","modified_gmt":"2019-12-04T08:46:23","slug":"76-2","status":"publish","type":"page","link":"https:\/\/sonsofabit.com\/islabombaesp\/","title":{"rendered":"Inicio"},"content":{"rendered":"<p>[et_pb_section fb_built=\u00bb1&#8243; fullwidth=\u00bbon\u00bb disabled_on=\u00bbon|off|off\u00bb _builder_version=\u00bb3.0.91&#8243; background_video_webm=\u00bbhttps:\/\/sonsofabit.com\/islabombaesp\/wp-content\/uploads\/sites\/8\/2018\/01\/vid4.webm\u00bb custom_css_main_element=\u00bbheight: 320px;\u00bb][\/et_pb_section][et_pb_section fb_built=\u00bb1&#8243; _builder_version=\u00bb3.0.75&#8243; background_image=\u00bbhttps:\/\/sonsofabit.com\/chorrobomba\/wp-content\/uploads\/sites\/8\/2017\/09\/gin2.jpg\u00bb parallax=\u00bbon\u00bb custom_padding=\u00bb10px|0px|9px|0px\u00bb][et_pb_row _builder_version=\u00bb3.0.77&#8243;][et_pb_column type=\u00bb4_4&#8243; _builder_version=\u00bb3.0.77&#8243;][et_pb_image src=\u00bbhttps:\/\/sonsofabit.com\/islabombaesp\/wp-content\/uploads\/sites\/8\/2017\/10\/Logo-bueno-final.png\u00bb align=\u00bbcenter\u00bb disabled_on=\u00bboff|off|on\u00bb _builder_version=\u00bb3.0.77&#8243;][\/et_pb_image][\/et_pb_column][\/et_pb_row][et_pb_row custom_padding=\u00bb0px|0px|0px|0px\u00bb make_equal=\u00bbon\u00bb module_class_1=\u00bbds-vertical-align\u00bb module_class_2=\u00bbds-vertical-align\u00bb _builder_version=\u00bb3.0.77&#8243; background_size=\u00bbinitial\u00bb background_position=\u00bbtop_left\u00bb background_repeat=\u00bbrepeat\u00bb][et_pb_column type=\u00bb1_2&#8243; _builder_version=\u00bb3.0.47&#8243;][et_pb_image src=\u00bbhttps:\/\/sonsofabit.com\/chorrobomba\/wp-content\/uploads\/sites\/8\/2017\/10\/kn6.png\u00bb align=\u00bbcenter\u00bb admin_label=\u00bbImagen King\u00bb _builder_version=\u00bb3.0.77&#8243;][\/et_pb_image][et_pb_image _builder_version=\u00bb3.0.77&#8243;][\/et_pb_image][\/et_pb_column][et_pb_column type=\u00bb1_2&#8243; _builder_version=\u00bb3.0.47&#8243;][et_pb_image src=\u00bbhttps:\/\/sonsofabit.com\/chorrobomba\/wp-content\/uploads\/sites\/8\/2017\/10\/Tablon4.png\u00bb align=\u00bbcenter\u00bb _builder_version=\u00bb3.0.77&#8243; custom_css_main_element=\u00bbvertical-align: middle;\u00bb][\/et_pb_image][\/et_pb_column][\/et_pb_row][et_pb_row custom_padding=\u00bb27px|0px|48px|0px\u00bb _builder_version=\u00bb3.0.69&#8243;][et_pb_column type=\u00bb4_4&#8243; _builder_version=\u00bb3.0.47&#8243;][et_pb_text admin_label=\u00bbUnete heroes\u00bb module_id=\u00bbtexto1&#8243; _builder_version=\u00bb3.0.77&#8243; text_font=\u00bbLuckiest Guy|on|||\u00bb text_text_color=\u00bb#333333&#8243; text_font_size=\u00bb30px\u00bb text_font_size_phone=\u00bb17px\u00bb text_font_size_last_edited=\u00bbon|phone\u00bb text_letter_spacing=\u00bb5px\u00bb text_line_height=\u00bb1.6em\u00bb header_font_size=\u00bb32px\u00bb text_orientation=\u00bbcenter\u00bb max_width=\u00bb800px\u00bb module_alignment=\u00bbcenter\u00bb]<\/p>\n<p style=\"text-align: center;\"><b>\u00daNETE A NUESTROS H\u00c9ROES PARA DETENERLO<\/b><\/p>\n<p>[\/et_pb_text][\/et_pb_column][\/et_pb_row][\/et_pb_section][et_pb_section fb_built=\u00bb1&#8243; _builder_version=\u00bb3.0.77&#8243; background_image=\u00bbhttps:\/\/sonsofabit.com\/chorrobomba\/wp-content\/uploads\/sites\/8\/2017\/10\/1.-torito.png\u00bb][et_pb_row _builder_version=\u00bb3.0.69&#8243;][et_pb_column type=\u00bb4_4&#8243; _builder_version=\u00bb3.0.47&#8243;][et_pb_text module_class=\u00bbet_animated et_animated et_animated et_animated et_animated et_animated et_animated et_animated et_animated et_animated et_animated et_animated et_animated et_animated et_animated et_animated et_animated et_animated et_animated et_animated et_animated et_animated et_animated et_animated et_animated et_animated et_animated et_animated et_animated et_animated et_animated et_animated et_animated et_animated et_animated et_animated\u00bb _builder_version=\u00bb3.0.75&#8243; text_font=\u00bbLuckiest Guy|on|||on\u00bb text_text_color=\u00bb#333333&#8243; text_font_size=\u00bb79px\u00bb text_font_size_phone=\u00bb65px\u00bb text_font_size_last_edited=\u00bbon|desktop\u00bb text_letter_spacing=\u00bb5px\u00bb text_letter_spacing_last_edited=\u00bbon|phone\u00bb text_orientation=\u00bbcenter\u00bb module_alignment=\u00bbcenter\u00bb animation_style=\u00bbbounce\u00bb animation_direction=\u00bbbottom\u00bb animation_delay=\u00bb500ms\u00bb]<\/p>\n<p style=\"text-align: center;\">torito<\/p>\n<p>[\/et_pb_text][\/et_pb_column][\/et_pb_row][et_pb_row custom_padding=\u00bb|||\u00bb make_equal=\u00bbon\u00bb module_class_1=\u00bbds-vertical-align\u00bb module_class_2=\u00bbds-vertical-align\u00bb _builder_version=\u00bb3.0.77&#8243;][et_pb_column type=\u00bb1_2&#8243; _builder_version=\u00bb3.0.47&#8243;][et_pb_image src=\u00bbhttps:\/\/sonsofabit.com\/chorrobomba\/wp-content\/uploads\/sites\/8\/2017\/10\/torito-retocado2.png\u00bb align=\u00bbcenter\u00bb module_class=\u00bbtorito et_animated et_animated et_animated et_animated et_animated et_animated et_animated et_animated et_animated et_animated et_animated et_animated et_animated et_animated et_animated et_animated et_animated et_animated et_animated et_animated et_animated et_animated et_animated et_animated et_animated et_animated et_animated et_animated et_animated et_animated et_animated et_animated et_animated et_animated et_animated et_animated et_animated et_animated et_animated et_animated et_animated et_animated\u00bb _builder_version=\u00bb3.0.77&#8243; animation_style=\u00bbslide\u00bb animation_direction=\u00bbleft\u00bb animation_duration=\u00bb250ms\u00bb animation_delay=\u00bb250ms\u00bb animation_intensity_slide=\u00bb10%\u00bb][\/et_pb_image][\/et_pb_column][et_pb_column type=\u00bb1_2&#8243; _builder_version=\u00bb3.0.47&#8243;][et_pb_text module_class=\u00bbds-vertical-align \u00bb _builder_version=\u00bb3.0.77&#8243; text_font=\u00bbRaleway Light|on|||\u00bb text_text_color=\u00bb#333333&#8243; text_font_size=\u00bb30px\u00bb text_font_size_phone=\u00bb21px\u00bb text_font_size_last_edited=\u00bbon|phone\u00bb text_line_height=\u00bb1.6em\u00bb text_orientation=\u00bbjustified\u00bb module_alignment=\u00bbjustified\u00bb animation_style=\u00bbslide\u00bb animation_direction=\u00bbright\u00bb animation_duration=\u00bb350ms\u00bb animation_delay=\u00bb500ms\u00bb]<\/p>\n<p style=\"text-align: left;\">Iracundo, \u00e1gil y veloz. Este particular conejo puede saltar, caminar en equilibrio sobre las bombas y empujarlas para arrojarlas al agua con rapidez.<\/p>\n<p style=\"text-align: left;\">Pero, cuidado, \u00a1no sabe nadar!<\/p>\n<p>[\/et_pb_text][\/et_pb_column][\/et_pb_row][\/et_pb_section][et_pb_section fb_built=\u00bb1&#8243; _builder_version=\u00bb3.0.77&#8243; background_image=\u00bbhttps:\/\/sonsofabit.com\/chorrobomba\/wp-content\/uploads\/sites\/8\/2017\/10\/2.-alex.png\u00bb][et_pb_row _builder_version=\u00bb3.0.69&#8243;][et_pb_column type=\u00bb4_4&#8243; _builder_version=\u00bb3.0.47&#8243;][et_pb_text module_class=\u00bbet_animated et_animated et_animated et_animated et_animated et_animated et_animated et_animated et_animated et_animated et_animated et_animated et_animated et_animated et_animated et_animated et_animated et_animated et_animated et_animated et_animated et_animated et_animated et_animated et_animated et_animated et_animated et_animated et_animated et_animated et_animated et_animated et_animated et_animated et_animated et_animated\u00bb _builder_version=\u00bb3.0.75&#8243; text_font=\u00bbLuckiest Guy|on|||on\u00bb text_text_color=\u00bb#333333&#8243; text_font_size=\u00bb80px\u00bb text_font_size_phone=\u00bb65px\u00bb text_font_size_last_edited=\u00bbon|phone\u00bb text_letter_spacing=\u00bb5px\u00bb text_orientation=\u00bbcenter\u00bb module_alignment=\u00bbcenter\u00bb animation_style=\u00bbbounce\u00bb animation_direction=\u00bbbottom\u00bb animation_delay=\u00bb500ms\u00bb]<\/p>\n<p style=\"text-align: center;\">ALEX<\/p>\n<p>[\/et_pb_text][\/et_pb_column][\/et_pb_row][et_pb_row custom_padding=\u00bb|||\u00bb make_equal=\u00bbon\u00bb module_class_1=\u00bbds-vertical-align\u00bb module_class_2=\u00bbds-vertical-align\u00bb _builder_version=\u00bb3.0.77&#8243;][et_pb_column type=\u00bb1_2&#8243; _builder_version=\u00bb3.0.47&#8243;][et_pb_image src=\u00bbhttps:\/\/sonsofabit.com\/chorrobomba\/wp-content\/uploads\/sites\/8\/2017\/10\/alex-sin-borde.png\u00bb align=\u00bbcenter\u00bb module_class=\u00bbet_animated et_animated et_animated et_animated et_animated et_animated et_animated et_animated et_animated et_animated et_animated et_animated et_animated et_animated et_animated et_animated et_animated et_animated et_animated et_animated et_animated et_animated et_animated et_animated et_animated et_animated et_animated et_animated et_animated et_animated et_animated et_animated et_animated et_animated et_animated et_animated et_animated et_animated et_animated et_animated et_animated et_animated\u00bb _builder_version=\u00bb3.0.77&#8243; animation_style=\u00bbslide\u00bb animation_direction=\u00bbleft\u00bb animation_duration=\u00bb250ms\u00bb animation_delay=\u00bb250ms\u00bb animation_intensity_slide=\u00bb10%\u00bb][\/et_pb_image][\/et_pb_column][et_pb_column type=\u00bb1_2&#8243; _builder_version=\u00bb3.0.47&#8243;][et_pb_text module_class=\u00bbds-vertical-align et_animated et_animated et_animated et_animated et_animated et_animated et_animated et_animated et_animated et_animated et_animated et_animated et_animated et_animated et_animated et_animated et_animated et_animated et_animated et_animated et_animated et_animated et_animated et_animated et_animated et_animated et_animated et_animated et_animated et_animated et_animated et_animated et_animated et_animated et_animated et_animated\u00bb _builder_version=\u00bb3.0.77&#8243; text_font=\u00bbRaleway Light|on|||\u00bb text_text_color=\u00bb#333333&#8243; text_font_size=\u00bb30px\u00bb text_font_size_phone=\u00bb21px\u00bb text_font_size_last_edited=\u00bbon|phone\u00bb text_line_height=\u00bb1.6em\u00bb text_orientation=\u00bbjustified\u00bb module_alignment=\u00bbjustified\u00bb animation_style=\u00bbslide\u00bb animation_direction=\u00bbright\u00bb animation_duration=\u00bb350ms\u00bb animation_delay=\u00bb500ms\u00bb]<\/p>\n<p style=\"text-align: left;\">Este temeroso ping\u00fcino tiene la capacidad de coger bombas y personajes con sus aletas y lanzarlos por los aires. Adem\u00e1s, tiene una agilidad impresionante en su medio natural: el agua.<\/p>\n<p>[\/et_pb_text][\/et_pb_column][\/et_pb_row][\/et_pb_section][et_pb_section fb_built=\u00bb1&#8243; _builder_version=\u00bb3.0.77&#8243; background_image=\u00bbhttps:\/\/sonsofabit.com\/chorrobomba\/wp-content\/uploads\/sites\/8\/2017\/10\/32.-dani.png\u00bb][et_pb_row _builder_version=\u00bb3.0.69&#8243;][et_pb_column type=\u00bb4_4&#8243; _builder_version=\u00bb3.0.47&#8243;][et_pb_text module_class=\u00bbet_animated et_animated et_animated et_animated et_animated et_animated et_animated et_animated et_animated et_animated et_animated et_animated et_animated et_animated et_animated et_animated et_animated et_animated et_animated et_animated et_animated et_animated et_animated et_animated et_animated et_animated et_animated et_animated et_animated et_animated et_animated et_animated et_animated et_animated et_animated et_animated\u00bb _builder_version=\u00bb3.0.75&#8243; text_font=\u00bbLuckiest Guy|on|||on\u00bb text_text_color=\u00bb#333333&#8243; text_font_size=\u00bb81px\u00bb text_font_size_phone=\u00bb65px\u00bb text_font_size_last_edited=\u00bbon|phone\u00bb text_letter_spacing=\u00bb5px\u00bb text_orientation=\u00bbcenter\u00bb module_alignment=\u00bbcenter\u00bb animation_style=\u00bbbounce\u00bb animation_direction=\u00bbbottom\u00bb animation_delay=\u00bb500ms\u00bb]<\/p>\n<p style=\"text-align: center;\">DANY<\/p>\n<p>[\/et_pb_text][\/et_pb_column][\/et_pb_row][et_pb_row custom_padding=\u00bb|||\u00bb make_equal=\u00bbon\u00bb module_class_1=\u00bbds-vertical-align\u00bb module_class_2=\u00bbds-vertical-align\u00bb _builder_version=\u00bb3.0.77&#8243;][et_pb_column type=\u00bb1_2&#8243; _builder_version=\u00bb3.0.47&#8243;][et_pb_image src=\u00bbhttps:\/\/sonsofabit.com\/chorrobomba\/wp-content\/uploads\/sites\/8\/2017\/10\/dany-sin-borde.png\u00bb align=\u00bbcenter\u00bb module_class=\u00bbet_animated et_animated et_animated et_animated et_animated et_animated et_animated et_animated et_animated et_animated et_animated et_animated et_animated et_animated et_animated et_animated et_animated et_animated et_animated et_animated et_animated et_animated et_animated et_animated et_animated et_animated et_animated et_animated et_animated et_animated et_animated et_animated et_animated et_animated et_animated et_animated et_animated et_animated et_animated et_animated et_animated et_animated\u00bb _builder_version=\u00bb3.0.77&#8243; animation_style=\u00bbslide\u00bb animation_direction=\u00bbleft\u00bb animation_duration=\u00bb250ms\u00bb animation_delay=\u00bb250ms\u00bb animation_intensity_slide=\u00bb10%\u00bb][\/et_pb_image][\/et_pb_column][et_pb_column type=\u00bb1_2&#8243; _builder_version=\u00bb3.0.47&#8243;][et_pb_text module_class=\u00bbds-vertical-align et_animated et_animated et_animated et_animated et_animated et_animated et_animated et_animated et_animated et_animated et_animated et_animated et_animated et_animated et_animated et_animated et_animated et_animated et_animated et_animated et_animated et_animated et_animated et_animated et_animated et_animated et_animated et_animated et_animated et_animated et_animated et_animated et_animated et_animated et_animated et_animated\u00bb _builder_version=\u00bb3.0.77&#8243; text_font=\u00bbRaleway Light|on|||\u00bb text_text_color=\u00bb#333333&#8243; text_font_size=\u00bb30px\u00bb text_font_size_phone=\u00bb21px\u00bb text_font_size_last_edited=\u00bbon|phone\u00bb text_line_height=\u00bb1.6em\u00bb text_orientation=\u00bbjustified\u00bb module_alignment=\u00bbjustified\u00bb animation_style=\u00bbslide\u00bb animation_direction=\u00bbright\u00bb animation_duration=\u00bb350ms\u00bb animation_delay=\u00bb500ms\u00bb]<\/p>\n<p style=\"text-align: left;\">Es lento y cuenta con un gran mundo interior, pero puede pulsar interruptores que activan un sinf\u00edn de mecanismos, cargar con sus compa\u00f1eros sobre su caparaz\u00f3n y realizar otras acciones asombrosas.<\/p>\n<p>[\/et_pb_text][\/et_pb_column][\/et_pb_row][\/et_pb_section][et_pb_section fb_built=\u00bb1&#8243; _builder_version=\u00bb3.0.77&#8243; background_image=\u00bbhttps:\/\/sonsofabit.com\/chorrobomba\/wp-content\/uploads\/sites\/8\/2017\/10\/Ma\u0301s-bombas1.jpg\u00bb parallax=\u00bbon\u00bb custom_padding=\u00bb39px|0px|23px|0px\u00bb][et_pb_row custom_padding=\u00bb0px|0px|0px|0px\u00bb _builder_version=\u00bb3.0.75&#8243;][et_pb_column type=\u00bb4_4&#8243; _builder_version=\u00bb3.0.47&#8243;][et_pb_image src=\u00bbhttps:\/\/sonsofabit.com\/chorrobomba\/wp-content\/uploads\/sites\/8\/2017\/10\/Historia2-e1507036740763.png\u00bb align=\u00bbcenter\u00bb _builder_version=\u00bb3.0.77&#8243;][\/et_pb_image][et_pb_text admin_label=\u00bbtexto historia\u00bb _builder_version=\u00bb3.0.77&#8243; text_font=\u00bbRaleway Light|on|||\u00bb text_text_color=\u00bb#000000&#8243; text_font_size=\u00bb25px\u00bb text_font_size_phone=\u00bb17px\u00bb text_font_size_last_edited=\u00bbon|phone\u00bb text_letter_spacing=\u00bb2px\u00bb text_line_height=\u00bb1.3em\u00bb module_alignment=\u00bbcenter\u00bb]<\/p>\n<p style=\"text-align: left;\"><b>Juega solo o acompa\u00f1ado y enfr\u00e9ntate a multitud de enemigos. Apaga las bombas antes de que exploten. Visita escenarios con paisajes ex\u00f3ticos. Lucha contra temibles jefes finales. \u00a1Divi\u00e9rtete sin parar!<\/b><\/p>\n<p>[\/et_pb_text][et_pb_image _builder_version=\u00bb3.0.77&#8243;][\/et_pb_image][et_pb_image _builder_version=\u00bb3.0.77&#8243;][\/et_pb_image][\/et_pb_column][\/et_pb_row][et_pb_row use_custom_gutter=\u00bbon\u00bb gutter_width=\u00bb0&#8243; _builder_version=\u00bb3.0.75&#8243;][et_pb_column type=\u00bb4_4&#8243; _builder_version=\u00bb3.0.47&#8243;][et_pb_gallery gallery_ids=\u00bb940,941,673,523,730,525,524,527&#8243; gallery_captions=\u00bb,,,,,,,\u00bb posts_number=\u00bb8&#8243; show_title_and_caption=\u00bboff\u00bb show_pagination=\u00bboff\u00bb zoom_icon_color=\u00bb#ffffff\u00bb hover_overlay_color=\u00bbrgba(0,0,0,0.54)\u00bb hover_icon=\u00bb%%51%%\u00bb admin_label=\u00bbGaler\u00eda Historia\u00bb _builder_version=\u00bb3.0.92&#8243; border_width_all=\u00bb3px\u00bb border_color_all=\u00bbrgba(51,51,51,0)\u00bb][\/et_pb_gallery][\/et_pb_column][\/et_pb_row][et_pb_row _builder_version=\u00bb3.0.75&#8243;][et_pb_column type=\u00bb4_4&#8243; _builder_version=\u00bb3.0.47&#8243;][et_pb_image src=\u00bbhttps:\/\/sonsofabit.com\/chorrobomba\/wp-content\/uploads\/sites\/8\/2017\/10\/minijuegos-e1507036899146.png\u00bb align=\u00bbcenter\u00bb _builder_version=\u00bb3.0.77&#8243;][\/et_pb_image][et_pb_text admin_label=\u00bbT\u00edtulo minijuegos\u00bb _builder_version=\u00bb3.0.77&#8243; text_font=\u00bbRaleway Light||||\u00bb text_text_color=\u00bb#000000&#8243; text_font_size=\u00bb25px\u00bb text_font_size_phone=\u00bb17px\u00bb text_font_size_last_edited=\u00bbon|phone\u00bb text_letter_spacing=\u00bb2px\u00bb text_line_height=\u00bb1.3em\u00bb text_orientation=\u00bbcenter\u00bb module_alignment=\u00bbcenter\u00bb inline_fonts=\u00bbLuckiest Guy\u00bb]<\/p>\n<p style=\"text-align: left;\"><b>Voleibol, Baloncesto y Puzle son los 3 divertidos minijuegos que podr\u00e1s jugar con tus amigos (hasta 6 jugadores).<\/b><\/p>\n<p>[\/et_pb_text][\/et_pb_column][\/et_pb_row][et_pb_row use_custom_gutter=\u00bbon\u00bb gutter_width=\u00bb0&#8243; _builder_version=\u00bb3.0.75&#8243; module_alignment=\u00bbcenter\u00bb][et_pb_column type=\u00bb4_4&#8243; _builder_version=\u00bb3.0.47&#8243;][et_pb_gallery gallery_ids=\u00bb585,586,981,589&#8243; gallery_captions=\u00bb,,,\u00bb show_title_and_caption=\u00bboff\u00bb show_pagination=\u00bboff\u00bb zoom_icon_color=\u00bb#ffffff\u00bb hover_overlay_color=\u00bbrgba(0,0,0,0.46)\u00bb hover_icon=\u00bb%%51%%\u00bb admin_label=\u00bbGaler\u00eda Minijuegos\u00bb _builder_version=\u00bb3.0.92&#8243; caption_text_align=\u00bbcenter\u00bb border_width_all=\u00bb3px\u00bb border_color_all=\u00bbrgba(198,198,198,0)\u00bb text_orientation=\u00bbcenter\u00bb][\/et_pb_gallery][\/et_pb_column][\/et_pb_row][\/et_pb_section][et_pb_section fb_built=\u00bb1&#8243; _builder_version=\u00bb3.0.77&#8243; background_color=\u00bb#f5e293&#8243; custom_padding=\u00bb18px|0px|0px|0px\u00bb][et_pb_row _builder_version=\u00bb3.0.47&#8243; background_size=\u00bbinitial\u00bb background_position=\u00bbtop_left\u00bb background_repeat=\u00bbrepeat\u00bb][et_pb_column type=\u00bb4_4&#8243; _builder_version=\u00bb3.0.47&#8243;][et_pb_text admin_label=\u00bbTexto redes\u00bb _builder_version=\u00bb3.0.77&#8243; text_font=\u00bbLuckiest Guy|on|||\u00bb text_text_color=\u00bb#333333&#8243; text_font_size=\u00bb30px\u00bb text_font_size_phone=\u00bb17px\u00bb text_font_size_last_edited=\u00bbon|phone\u00bb text_letter_spacing=\u00bb5px\u00bb text_line_height=\u00bb1.8em\u00bb text_orientation=\u00bbcenter\u00bb module_alignment=\u00bbcenter\u00bb]<\/p>\n<p style=\"text-align: center;\"><strong>S\u00cdGUENOS PARA ESTAR AL D\u00cdA DE LAS \u00daLTIMAS NOVEDADES<\/strong><\/p>\n<p>[\/et_pb_text][et_pb_code admin_label=\u00bbRedes\u00bb][et_social_follow icon_style=\u00bbslide\u00bb icon_shape=\u00bbrounded\u00bb icons_location=\u00bbtop\u00bb col_number=\u00bb2&#8243; outer_color=\u00bbdark\u00bb network_names=\u00bbtrue\u00bb][\/et_pb_code][et_pb_image src=\u00bbhttps:\/\/sonsofabit.com\/chorrobomba\/wp-content\/uploads\/sites\/8\/2017\/10\/soab-e1507022174903.png\u00bb url=\u00bbhttps:\/\/sonsofabit.com\/es\/\u00bb url_new_window=\u00bbon\u00bb align=\u00bbcenter\u00bb admin_label=\u00bbIcono sons\u00bb module_class=\u00bbet_animated et_animated et_animated et_animated et_animated et_animated et_animated et_animated et_animated et_animated et_animated et_animated et_animated et_animated et_animated et_animated et_animated et_animated et_animated et_animated et_animated et_animated et_animated et_animated et_animated et_animated et_animated et_animated et_animated et_animated et_animated et_animated et_animated et_animated et_animated et_animated et_animated et_animated et_animated et_animated et_animated et_animated\u00bb _builder_version=\u00bb3.0.77&#8243; custom_margin=\u00bb0px|0px|0px|0px\u00bb animation_style=\u00bbslide\u00bb animation_direction=\u00bbbottom\u00bb animation_duration=\u00bb500ms\u00bb animation_intensity_slide=\u00bb10%\u00bb animation=\u00bbbottom\u00bb][\/et_pb_image][\/et_pb_column][\/et_pb_row][\/et_pb_section][et_pb_section fb_built=\u00bb1&#8243; module_class=\u00bbds-carousel-section\u00bb _builder_version=\u00bb3.0.75&#8243; custom_margin=\u00bb|||\u00bb custom_padding=\u00bb0px||0px|\u00bb][et_pb_row make_fullwidth=\u00bbon\u00bb use_custom_gutter=\u00bbon\u00bb gutter_width=\u00bb1&#8243; custom_padding=\u00bb0px||0px|\u00bb custom_margin=\u00bb0px||0px|\u00bb padding_top_1=\u00bb0px\u00bb padding_bottom_1=\u00bb0px\u00bb module_class=\u00bbds-image-carousel ds-image-carousel-first\u00bb _builder_version=\u00bb3.0.75&#8243;][et_pb_column type=\u00bb4_4&#8243; _builder_version=\u00bb3.0.47&#8243;][et_pb_image src=\u00bbhttps:\/\/sonsofabit.com\/chorrobomba\/wp-content\/uploads\/sites\/8\/2017\/09\/premio3.jpg\u00bb align=\u00bbcenter\u00bb module_class=\u00bbds-carousel-logo\u00bb _builder_version=\u00bb3.20.2&#8243;][\/et_pb_image][et_pb_image src=\u00bbhttps:\/\/sonsofabit.com\/chorrobomba\/wp-content\/uploads\/sites\/8\/2017\/09\/premio2.jpg\u00bb align=\u00bbcenter\u00bb module_class=\u00bbds-carousel-logo\u00bb _builder_version=\u00bb3.20.2&#8243;][\/et_pb_image][et_pb_image src=\u00bbhttps:\/\/sonsofabit.com\/chorrobomba\/wp-content\/uploads\/sites\/8\/2017\/09\/premio5.jpg\u00bb align=\u00bbcenter\u00bb module_class=\u00bbds-carousel-logo\u00bb _builder_version=\u00bb3.20.2&#8243; custom_margin=\u00bb0px||0px|\u00bb custom_padding=\u00bb0px||0px|\u00bb][\/et_pb_image][et_pb_image src=\u00bbhttps:\/\/sonsofabit.com\/islabombaesp\/wp-content\/uploads\/sites\/8\/2019\/12\/premio-3D-wire.jpg\u00bb align=\u00bbcenter\u00bb module_class=\u00bbds-carousel-logo\u00bb _builder_version=\u00bb3.20.2&#8243;][\/et_pb_image][et_pb_image src=\u00bbhttps:\/\/sonsofabit.com\/islabombaesp\/wp-content\/uploads\/sites\/8\/2019\/12\/nordic-game.jpg\u00bb align=\u00bbcenter\u00bb module_class=\u00bbds-carousel-logo\u00bb _builder_version=\u00bb3.20.2&#8243;][\/et_pb_image][\/et_pb_column][\/et_pb_row][et_pb_row make_fullwidth=\u00bbon\u00bb use_custom_gutter=\u00bbon\u00bb gutter_width=\u00bb1&#8243; custom_padding=\u00bb0px||0px|\u00bb custom_margin=\u00bb0px||0px|\u00bb padding_top_1=\u00bb0px\u00bb padding_bottom_1=\u00bb0px\u00bb module_class=\u00bbds-image-carousel ds-image-carousel-second\u00bb _builder_version=\u00bb3.0.75&#8243;][et_pb_column type=\u00bb4_4&#8243; _builder_version=\u00bb3.0.47&#8243;][et_pb_image src=\u00bbhttps:\/\/sonsofabit.com\/chorrobomba\/wp-content\/uploads\/sites\/8\/2017\/09\/premio1.jpg\u00bb align=\u00bbcenter\u00bb module_class=\u00bbds-carousel-logo\u00bb _builder_version=\u00bb3.20.2&#8243;][\/et_pb_image][et_pb_image src=\u00bbhttps:\/\/sonsofabit.com\/chorrobomba\/wp-content\/uploads\/sites\/8\/2017\/09\/premio3.jpg\u00bb align=\u00bbcenter\u00bb module_class=\u00bbds-carousel-logo\u00bb _builder_version=\u00bb3.20.2&#8243;][\/et_pb_image][et_pb_image src=\u00bbhttps:\/\/sonsofabit.com\/chorrobomba\/wp-content\/uploads\/sites\/8\/2017\/09\/premio2.jpg\u00bb align=\u00bbcenter\u00bb module_class=\u00bbds-carousel-logo\u00bb _builder_version=\u00bb3.20.2&#8243;][\/et_pb_image][et_pb_image src=\u00bbhttps:\/\/sonsofabit.com\/islabombaesp\/wp-content\/uploads\/sites\/8\/2019\/12\/premios-finalista-GTR.jpg\u00bb align=\u00bbcenter\u00bb module_class=\u00bbds-carousel-logo\u00bb _builder_version=\u00bb3.20.2&#8243;][\/et_pb_image][et_pb_image src=\u00bbhttps:\/\/sonsofabit.com\/chorrobomba\/wp-content\/uploads\/sites\/8\/2017\/09\/premio4.jpg\u00bb align=\u00bbcenter\u00bb module_class=\u00bbds-carousel-logo\u00bb _builder_version=\u00bb3.20.2&#8243;][\/et_pb_image][\/et_pb_column][\/et_pb_row][et_pb_row make_fullwidth=\u00bbon\u00bb use_custom_gutter=\u00bbon\u00bb gutter_width=\u00bb1&#8243; custom_padding=\u00bb0px||0px|\u00bb custom_margin=\u00bb0px||0px|\u00bb padding_top_1=\u00bb0px\u00bb padding_bottom_1=\u00bb0px\u00bb module_class=\u00bbds-image-carousel ds-image-carousel-third\u00bb _builder_version=\u00bb3.0.75&#8243;][et_pb_column type=\u00bb4_4&#8243; _builder_version=\u00bb3.0.47&#8243;][et_pb_image src=\u00bbhttps:\/\/sonsofabit.com\/chorrobomba\/wp-content\/uploads\/sites\/8\/2017\/09\/premio1.jpg\u00bb align=\u00bbcenter\u00bb module_class=\u00bbds-carousel-logo\u00bb _builder_version=\u00bb3.20.2&#8243;][\/et_pb_image][et_pb_image src=\u00bbhttps:\/\/sonsofabit.com\/chorrobomba\/wp-content\/uploads\/sites\/8\/2017\/09\/premio2.jpg\u00bb align=\u00bbcenter\u00bb module_class=\u00bbds-carousel-logo\u00bb _builder_version=\u00bb3.20.2&#8243;][\/et_pb_image][et_pb_image src=\u00bbhttps:\/\/sonsofabit.com\/chorrobomba\/wp-content\/uploads\/sites\/8\/2017\/09\/premio5.jpg\u00bb align=\u00bbcenter\u00bb module_class=\u00bbds-carousel-logo\u00bb _builder_version=\u00bb3.20.2&#8243;][\/et_pb_image][et_pb_image src=\u00bbhttps:\/\/sonsofabit.com\/islabombaesp\/wp-content\/uploads\/sites\/8\/2019\/12\/premio-3D-wire.jpg\u00bb align=\u00bbcenter\u00bb module_class=\u00bbds-carousel-logo\u00bb _builder_version=\u00bb3.20.2&#8243;][\/et_pb_image][et_pb_image src=\u00bbhttps:\/\/sonsofabit.com\/chorrobomba\/wp-content\/uploads\/sites\/8\/2017\/09\/premio4.jpg\u00bb align=\u00bbcenter\u00bb module_class=\u00bbds-carousel-logo\u00bb _builder_version=\u00bb3.20.2&#8243;][\/et_pb_image][\/et_pb_column][\/et_pb_row][\/et_pb_section]<\/p>\n","protected":false},"excerpt":{"rendered":"<p>P\u00e1gina oficial de Islabomba \u00a1Va a ser la bomba!<\/p>\n","protected":false},"author":1,"featured_media":0,"parent":0,"menu_order":0,"comment_status":"closed","ping_status":"closed","template":"","meta":{"_et_pb_use_builder":"on","_et_pb_old_content":"","_et_gb_content_width":""},"_links":{"self":[{"href":"https:\/\/sonsofabit.com\/islabombaesp\/wp-json\/wp\/v2\/pages\/76"}],"collection":[{"href":"https:\/\/sonsofabit.com\/islabombaesp\/wp-json\/wp\/v2\/pages"}],"about":[{"href":"https:\/\/sonsofabit.com\/islabombaesp\/wp-json\/wp\/v2\/types\/page"}],"author":[{"embeddable":true,"href":"https:\/\/sonsofabit.com\/islabombaesp\/wp-json\/wp\/v2\/users\/1"}],"replies":[{"embeddable":true,"href":"https:\/\/sonsofabit.com\/islabombaesp\/wp-json\/wp\/v2\/comments?post=76"}],"version-history":[{"count":305,"href":"https:\/\/sonsofabit.com\/islabombaesp\/wp-json\/wp\/v2\/pages\/76\/revisions"}],"predecessor-version":[{"id":1028,"href":"https:\/\/sonsofabit.com\/islabombaesp\/wp-json\/wp\/v2\/pages\/76\/revisions\/1028"}],"wp:attachment":[{"href":"https:\/\/sonsofabit.com\/islabombaesp\/wp-json\/wp\/v2\/media?parent=76"}],"curies":[{"name":"wp","href":"https:\/\/api.w.org\/{rel}","templated":true}]}}